{"id":70,"date":"2018-07-10T20:55:01","date_gmt":"2018-07-10T18:55:01","guid":{"rendered":"https:\/\/www.cmotion.net\/?page_id=70"},"modified":"2020-02-19T21:16:53","modified_gmt":"2020-02-19T20:16:53","slug":"legal-notices","status":"publish","type":"page","link":"https:\/\/www.cmotion.net\/en\/legal-notices\/","title":{"rendered":"Legal notices"},"content":{"rendered":"<section class=\"l-section wpb_row height_medium\"><div class=\"l-section-h i-cf\"><div class=\"g-cols vc_row via_flex valign_top type_default stacking_default\"><div class=\"vc_col-sm-12 wpb_column vc_column_container\"><div class=\"vc_column-inner\"><div class=\"wpb_wrapper\"><div class=\"g-cols wpb_row us_custom_556bcd54 via_flex valign_top type_default stacking_default\"><div class=\"vc_col-sm-12 wpb_column vc_column_container\"><div class=\"vc_column-inner\"><div class=\"wpb_wrapper\">[vc_custom_heading text=&#8221;Legal notices&#8221; font_container=&#8221;tag:h1|text_align:center&#8221; use_theme_fonts=&#8221;yes&#8221; el_class=&#8221;mobile-head&#8221;]<\/div><\/div><\/div><\/div><div class=\"w-separator size_medium\"><\/div><div class=\"g-cols wpb_row us_custom_556bcd54 via_flex valign_top type_default stacking_default\"><div class=\"vc_col-sm-4 wpb_column vc_column_container\"><div class=\"vc_column-inner\"><div class=\"wpb_wrapper\"><div class=\"wpb_text_column\"><div class=\"wpb_wrapper\"><p><strong>verantwortlich f\u00fcr den Inhalt:<\/strong><\/p>\n<p>cmotion GmbH &amp; Co. KG<br \/>\nBaierbrunner Strasse 3<br \/>\n81379 M\u00fcnchen<br \/>\n+ 49 89 30 90 54 89 0<br \/>\n<a href=\"mailto:info&#64;&#99;mot&#105;&#111;&#110;.net\">inf&#111;&#64;&#99;&#109;ot&#105;&#111;n.&#110;e&#116;<\/a><\/p>\n<p>USt.ldNr.: DE 814331393<br \/>\nAmtsgericht M\u00fcnchen HRA 85923<\/p>\n<p>Pers\u00f6nlich haftender Gesellschafter:<br \/>\ncmotion Verwaltungs-GmbH<br \/>\nAmtsgericht M\u00fcnchen HRB156807<\/p>\n<p>Gesch\u00e4ftsf\u00fchrer:<br \/>\nDipl. Ing. (FH) Siggi Pfundt<br \/>\nAndreas Stroppe<\/p>\n<\/div><\/div><\/div><\/div><\/div><div class=\"vc_col-sm-8 wpb_column vc_column_container\"><div class=\"vc_column-inner\"><div class=\"wpb_wrapper\"><div class=\"wpb_text_column\"><div class=\"wpb_wrapper\"><p><strong>Haftungsausschluss:<\/strong><br \/>\nDas Landgericht Hamburg hat mit Urteil vom 12.05.1998 entschieden, dass man durch die Ausbringung eines Links die Inhalte der gelinkten Seite ggf. mit zu verantworten hat. Dies kann &#8211; so das LG &#8211; nur dadurch verhindert werden, dass man sich ausdr\u00fccklich von diesen Inhalten distanziert. Auf unserer Webseite finden Sie Links zu anderen Seiten im Internet. F\u00fcr s\u00e4mtliche Links gilt:<\/p>\n<p><em>Wir betonen ausdr\u00fccklich, dass wir keinerlei Einfluss auf die Gestaltung und die Inhalte der gelinkten Seiten haben. Deshalb distanzieren wir uns uns hiermit ausdr\u00fccklich von allen Inhalten aller gelinkten Seiten auf der gesamten Website inklusive aller Unterseiten. Diese Erkl\u00e4rung gilt f\u00fcr alle Links auf unseren Webseiten und f\u00fcr alle Inhalte der Seiten, zu denen Links oder Banner f\u00fchren.<\/em><\/p>\n<p><strong>Copyright:<\/strong><br \/>\nAlle Inhalte, einschlie\u00dflich der Bilder und der Texte unterliegen dem Copyright der cmotion GmbH &amp; Co. KG und unserer Kunden. Eine Weitergabe oder gewerbliche Nutzung ohne ausdr\u00fcckliche Genehmigung ist nicht gestattet. Eingetragene Warenzeichen auf dieser Web Site unterliegen den Urheberrechten der Hersteller.<\/p>\n<\/div><\/div><\/div><\/div><\/div><\/div><\/div><\/div><\/div><\/div><\/div><\/section>\n","protected":false},"excerpt":{"rendered":"[vc_custom_heading text=\"Legal notices\" font_container=\"tag:h1|text_align:center\" use_theme_fonts=\"yes\" el_class=\"mobile-head\"]verantwortlich f\u00fcr den Inhalt: cmotion GmbH &amp; Co. KG Baierbrunner Strasse 3 81379 M\u00fcnchen + 49 89 30 90 54 89 0 &#105;n&#102;&#111;&#64;c&#109;&#111;t&#105;on&#46;n&#101;&#116; USt.ldNr.: DE 814331393 Amtsgericht M\u00fcnchen HRA 85923 Pers\u00f6nlich haftender Gesellschafter: cmotion Verwaltungs-GmbH Amtsgericht M\u00fcnchen HRB156807 Gesch\u00e4ftsf\u00fchrer: Dipl. Ing. (FH) Siggi Pfundt Andreas Stroppe Haftungsausschluss: Das Landgericht Hamburg...","protected":false},"author":1,"featured_media":0,"parent":0,"menu_order":60,"comment_status":"closed","ping_status":"closed","template":"","meta":{"footnotes":"","_links_to":"","_links_to_target":""},"class_list":["post-70","page","type-page","status-publish","hentry"],"_links":{"self":[{"href":"https:\/\/www.cmotion.net\/en\/wp-json\/wp\/v2\/pages\/70","targetHints":{"allow":["GET"]}}],"collection":[{"href":"https:\/\/www.cmotion.net\/en\/wp-json\/wp\/v2\/pages"}],"about":[{"href":"https:\/\/www.cmotion.net\/en\/wp-json\/wp\/v2\/types\/page"}],"author":[{"embeddable":true,"href":"https:\/\/www.cmotion.net\/en\/wp-json\/wp\/v2\/users\/1"}],"replies":[{"embeddable":true,"href":"https:\/\/www.cmotion.net\/en\/wp-json\/wp\/v2\/comments?post=70"}],"version-history":[{"count":3,"href":"https:\/\/www.cmotion.net\/en\/wp-json\/wp\/v2\/pages\/70\/revisions"}],"predecessor-version":[{"id":1529,"href":"https:\/\/www.cmotion.net\/en\/wp-json\/wp\/v2\/pages\/70\/revisions\/1529"}],"wp:attachment":[{"href":"https:\/\/www.cmotion.net\/en\/wp-json\/wp\/v2\/media?parent=70"}],"curies":[{"name":"wp","href":"https:\/\/api.w.org\/{rel}","templated":true}]}}