{"id":62,"date":"2018-07-10T20:50:44","date_gmt":"2018-07-10T18:50:44","guid":{"rendered":"https:\/\/www.cmotion.net\/?page_id=62"},"modified":"2020-02-04T13:57:54","modified_gmt":"2020-02-04T12:57:54","slug":"clients","status":"publish","type":"page","link":"https:\/\/www.cmotion.net\/en\/clients\/","title":{"rendered":"Clients"},"content":{"rendered":"<section class=\"l-section wpb_row height_medium\"><div class=\"l-section-h i-cf\"><div class=\"g-cols vc_row via_flex valign_top type_default stacking_default\"><div class=\"vc_col-sm-12 wpb_column vc_column_container\"><div class=\"vc_column-inner\"><div class=\"wpb_wrapper\">[vc_custom_heading text=&#8221;Our Clients.&#8221; font_container=&#8221;tag:h1|text_align:center&#8221; use_theme_fonts=&#8221;yes&#8221;]<div class=\"w-separator size_medium\"><\/div><div class=\"wpb_text_column\"><div class=\"wpb_wrapper\"><p style=\"text-align: center;\">a+p Architekten. <span style=\"color: #9d9d9d;\">M\u00fcnchen<\/span><br \/>\nAIG Planungs-und Ingenieurgesellschaft. <span style=\"color: #9d9d9d;\">Stuttgart<\/span><br \/>\nAutodesk. <span style=\"color: #9d9d9d;\">M\u00fcnchen, San Francisco<\/span><br \/>\nBarkow Leibinger Architekten. <span style=\"color: #9d9d9d;\">Berlin<\/span><br \/>\nbauwerk4 Architekten &amp; Ingenieure. <span style=\"color: #9d9d9d;\">Bad Mergentheim<\/span><br \/>\nBl\u00e4sig Architeken &amp; Ingenieure. <span style=\"color: #9d9d9d;\">Bad Aibling<\/span><br \/>\nBonava Deutschland GmbH. <span style=\"color: #9d9d9d;\">F\u00fcrstenwalde<\/span><br \/>\nBohnacker Store Solutions. <span style=\"color: #9d9d9d;\">Blaubeuren<\/span><br \/>\nCAD-Stelle Bayern. <span style=\"color: #9d9d9d;\">M\u00fcnchen<\/span><br \/>\nd&amp;b audiotechnik. <span style=\"color: #9d9d9d;\">Backnang<\/span><br \/>\nDB International. <span style=\"color: #9d9d9d;\">Berlin<\/span><br \/>\nDB Projektbau. <span style=\"color: #9d9d9d;\">Frankfurt<\/span><br \/>\nDB Station &amp; Services. <span style=\"color: #9d9d9d;\">Berlin<\/span><br \/>\ndigipara. <span style=\"color: #9d9d9d;\">Frechen<\/span><br \/>\ndinA4 Architekten. <span style=\"color: #9d9d9d;\">Innsbruck<\/span><br \/>\nGoldbeck. <span style=\"color: #9d9d9d;\">Bielefeld, Mannheim, Treuen, Dresden<\/span><br \/>\nHering Unternehmensgruppe. <span style=\"color: #9d9d9d;\">Burbach<\/span><br \/>\nheroal. <span style=\"color: #9d9d9d;\">Verl<\/span><br \/>\nHilti AG. <span style=\"color: #9d9d9d;\">Schaan, FL<\/span><br \/>\nHochtief.<span style=\"color: #9d9d9d;\">Essen<\/span><br \/>\nHPP. <span style=\"color: #9d9d9d;\">D\u00fcsseldorf<\/span><br \/>\nInselspital Bern. <span style=\"color: #9d9d9d;\">Bern<\/span><br \/>\nKermi. <span style=\"color: #9d9d9d;\">Plattling<\/span><br \/>\nKling Consult.<span style=\"color: #9d9d9d;\">Krumbach<\/span><br \/>\nLindner AG. <span style=\"color: #9d9d9d;\">Arnstorf<\/span><br \/>\nm3 Architektur+Design GmbH. <span style=\"color: #9d9d9d;\">M\u00fcnchen<\/span><br \/>\nMax B\u00f6gl. <span style=\"color: #9d9d9d;\">Neumarkt<\/span><br \/>\nMensch und Maschine. <span style=\"color: #9d9d9d;\">Wessling<\/span><br \/>\nMW Group. <span style=\"color: #9d9d9d;\">Stuttgart<\/span><br \/>\nnora systems GmbH. <span style=\"color: #9d9d9d;\">Weinheim<\/span><br \/>\nObermeyer Planen und Beraten. <span style=\"color: #9d9d9d;\">M\u00fcnchen, Berlin, Hannover, Chemnitz<\/span><br \/>\nObermeyer Middle East. <span style=\"color: #9d9d9d;\">Abu Dhabi, VAE<\/span><br \/>\nOWA. <span style=\"color: #9d9d9d;\">Amorbach<\/span><br \/>\npar terre Architekten. <span style=\"color: #9d9d9d;\">M\u00fcnchen<\/span><br \/>\nRATIONAL. <span style=\"color: #9d9d9d;\">Landsberg<\/span><br \/>\nSch\u00e4tzler Architekten. <span style=\"color: #9d9d9d;\">M\u00fcnchen<\/span><br \/>\nSchmidt Schicketanz und Partner GmbH. <span style=\"color: #9d9d9d;\">M\u00fcnchen<\/span><br \/>\nSchuster Pechtold Schmidt Architekten GmbH. <span style=\"color: #9d9d9d;\">M\u00fcnchen<\/span><br \/>\nSiemens AG. <span style=\"color: #9d9d9d;\">Erlangen<\/span><br \/>\nSteelcase Inc. <span style=\"color: #9d9d9d;\">USA, Malaysia, Romania<\/span><br \/>\nSto AG. <span style=\"color: #9d9d9d;\">St\u00fchlingen<\/span><br \/>\nTUM, Technische Universit\u00e4t. <span style=\"color: #9d9d9d;\">M\u00fcnchen<\/span><br \/>\nZumtobel AG. <span style=\"color: #9d9d9d;\">Dornbirn<\/span><\/p>\n<\/div><\/div><\/div><\/div><\/div><\/div><\/div><\/section>\n","protected":false},"excerpt":{"rendered":"[vc_custom_heading text=\"Our Clients.\" font_container=\"tag:h1|text_align:center\" use_theme_fonts=\"yes\"]a+p Architekten. M\u00fcnchen AIG Planungs-und Ingenieurgesellschaft. Stuttgart Autodesk. M\u00fcnchen, San Francisco Barkow Leibinger Architekten. Berlin bauwerk4 Architekten &amp; Ingenieure. Bad Mergentheim Bl\u00e4sig Architeken &amp; Ingenieure. Bad Aibling Bonava Deutschland GmbH. F\u00fcrstenwalde Bohnacker Store Solutions. Blaubeuren CAD-Stelle Bayern. M\u00fcnchen d&amp;b audiotechnik. Backnang DB International. Berlin DB Projektbau. Frankfurt DB Station &amp; Services....","protected":false},"author":1,"featured_media":0,"parent":0,"menu_order":40,"comment_status":"closed","ping_status":"closed","template":"","meta":{"footnotes":"","_links_to":"","_links_to_target":""},"class_list":["post-62","page","type-page","status-publish","hentry"],"_links":{"self":[{"href":"https:\/\/www.cmotion.net\/en\/wp-json\/wp\/v2\/pages\/62","targetHints":{"allow":["GET"]}}],"collection":[{"href":"https:\/\/www.cmotion.net\/en\/wp-json\/wp\/v2\/pages"}],"about":[{"href":"https:\/\/www.cmotion.net\/en\/wp-json\/wp\/v2\/types\/page"}],"author":[{"embeddable":true,"href":"https:\/\/www.cmotion.net\/en\/wp-json\/wp\/v2\/users\/1"}],"replies":[{"embeddable":true,"href":"https:\/\/www.cmotion.net\/en\/wp-json\/wp\/v2\/comments?post=62"}],"version-history":[{"count":3,"href":"https:\/\/www.cmotion.net\/en\/wp-json\/wp\/v2\/pages\/62\/revisions"}],"predecessor-version":[{"id":955,"href":"https:\/\/www.cmotion.net\/en\/wp-json\/wp\/v2\/pages\/62\/revisions\/955"}],"wp:attachment":[{"href":"https:\/\/www.cmotion.net\/en\/wp-json\/wp\/v2\/media?parent=62"}],"curies":[{"name":"wp","href":"https:\/\/api.w.org\/{rel}","templated":true}]}}